{"id":13998,"date":"2022-11-22T14:20:53","date_gmt":"2022-11-22T22:20:53","guid":{"rendered":"https:\/\/flexappealsd.com\/?page_id=13998"},"modified":"2022-11-22T14:20:54","modified_gmt":"2022-11-22T22:20:54","slug":"preguntas-frecuentes","status":"publish","type":"page","link":"https:\/\/flexappealsd.com\/es\/preguntas-frecuentes\/","title":{"rendered":"Preguntas Frecuentes"},"content":{"rendered":"<div class=\"wpb-content-wrapper\"><p>[vc_row][vc_column][vc_column_text]<\/p>\n<h1 style=\"text-align: center;\"><strong>Preguntas Frecuentes<\/strong><\/h1>\n<p>[\/vc_column_text][vc_tta_accordion][vc_tta_section title=\u00bb\u00bfNECESITO RESERVAR ANTES DE LA CLASE?\u00bb tab_id=\u00bb1669154640015-15b61e69-1d0a\u00bb][vc_column_text]No es obligatorio reservar para clases, pero le recomendamos mucho que reserve clases a trav\u00e9s de nuestra aplicaci\u00f3n para que tengamos un conteo, un acceso de check-in m\u00e1s r\u00e1pido y los espacios son limitados, es la \u00fanica forma de asegurar un lugar ya que damos prioridad a las reservaciones. Las reservaciones son recomendadas porque es por orden de llegada. Puede reservar clases con hasta 7 d\u00edas de anticipaci\u00f3n y no m\u00e1s de 40 minutos antes de que comience la clase para asegurar su lugar.[\/vc_column_text][\/vc_tta_section][vc_tta_section title=\u00bb\u00bfCU\u00c1L ES SU POL\u00cdTICA DE LLEGAR TARDE?\u00bb tab_id=\u00bb1669154640029-39d9206b-ea7c\u00bb][vc_column_text]Damos un per\u00edodo de gracia de 10 minutos despu\u00e9s de la hora de clase programada. Entendemos que la vida es ajetreada, por lo que queremos asegurarnos de darles a nuestros estudiantes algo de tiempo extra para llegar a clase. Pedimos que los estudiantes lleguen de 5 a 10 minutos antes de la clase para usar los ba\u00f1os, hacer check in y prepararse para comenzar la clase. Una vez que pasan los 10 minutos, los estudiantes no pueden ingresar a clase como una forma de evitar accidentes al estudiante y respetar el tiempo y el espacio de los dem\u00e1s estudiantes.[\/vc_column_text][\/vc_tta_section][vc_tta_section title=\u00bb\u00bfTIENE UNA POL\u00cdTICA DE CANCELACI\u00d3N TARDE\/NO PRESENTARSE PARA UNA CLASE RESERVADA?\u00bb tab_id=\u00bb1669154759493-fb057385-71ae\u00bb][vc_column_text]Pedimos a los estudiantes que cancelen su reservaci\u00f3n de clase con al menos 1 hora de anticipaci\u00f3n para evitar el cargo de $7. A cualquier estudiante que no asista a una clase reservada se le cobrar\u00e1 una tarifa de $7. El espacio en las clases es limitado y, a menudo, hay una lista de espera, por lo que queremos tener en cuenta a los estudiantes que desean asistir cancelando con anticipaci\u00f3n y permitiendo que otros se inscriban en la clase. Se trata de igualdad para la comunidad, respeto por el tiempo del instructor y una parte esencial de nuestro rol como entrenadores es responsabilizar a los clientes por sus metas de acondicionamiento f\u00edsico.[\/vc_column_text][\/vc_tta_section][vc_tta_section title=\u00bb\u00bfPUEDO TOMAR VARIAS CLASES DURANTE EL D\u00cdA?\u00bb tab_id=\u00bb1669154798994-e67e2a08-4645&#8243;][vc_column_text]S\u00ed, puede tomar tantas clases como le permita su suscripci\u00f3n de clase actual.[\/vc_column_text][\/vc_tta_section][vc_tta_section title=\u00bb\u00bfOFRECES OFERTAS PARA NUEVOS ESTUDIANTES?\u00bb tab_id=\u00bb1669154908536-94c54e63-a795&#8243;][vc_column_text]Ofrecemos 3 entrenamientos GRATIS. Esto est\u00e1 disponible solo para residentes locales por primera vez.[\/vc_column_text][\/vc_tta_section][vc_tta_section title=\u00bb\u00bfCU\u00c1LES SON LAS HORAS DE CLASES?\u00bb tab_id=\u00bb1669154948713-b876b984-0017&#8243;][vc_column_text]Flex Appeal :<\/p>\n<p>&nbsp;<\/p>\n<p>5:00 a.m., 6:00 a.m., 8:00 a.m., 9:00 a. m. y 4:00 p.m. &#8211; 9:00 p.m.<\/p>\n<p>&nbsp;<\/p>\n<p>The Booty Factory :<\/p>\n<p>&nbsp;<\/p>\n<p>9:00 a.m., 6:30 p.m. y 7:30 p.m.[\/vc_column_text][\/vc_tta_section][\/vc_tta_accordion][\/vc_column][\/vc_row][vc_row full_width=\u00bbstretch_row\u00bb css=\u00bb.vc_custom_1643256063622{background-color: #000000 !important;}\u00bb][vc_column][vc_empty_space height=\u00bb35px\u00bb][vc_column_text]<\/p>\n<p style=\"text-align: center;\"><span style=\"color: #ffffff;\">Copyright \u00a9 https:\/\/flexappealsd.com | All Rights Reserved | <a style=\"color: #ffffff;\" href=\"https:\/\/flexappealsd.com\/privacy-policy\/\">Privacy Policy<\/a> | <a style=\"color: #ffffff;\" href=\"https:\/\/flexappealsd.com\/terms-and-conditions\/\">Terms and Conditions<\/a> | Made with love by <a style=\"color: #ffffff;\" href=\"https:\/\/www.marketerogeek.com\" target=\"_blank\" rel=\"noopener noreferrer\">Marketero Geek<\/a><\/span><\/p>\n<p>[\/vc_column_text][\/vc_column][\/vc_row]<\/p>\n<\/div>","protected":false},"excerpt":{"rendered":"<p>[vc_row][vc_column][vc_column_text] Preguntas Frecuentes [\/vc_column_text][vc_tta_accordion][vc_tta_section title=\u00bb\u00bfNECESITO RESERVAR ANTES DE LA CLASE?\u00bb tab_id=\u00bb1669154640015-15b61e69-1d0a\u00bb][vc_column_text]No es obligatorio reservar para clases, pero le recomendamos mucho que reserve clases a trav\u00e9s de nuestra aplicaci\u00f3n para que tengamos un conteo, un acceso de check-in m\u00e1s r\u00e1pido y los espacios son limitados, es la \u00fanica forma de asegurar un lugar ya que damos [&hellip;]<\/p>\n","protected":false},"author":1,"featured_media":0,"parent":0,"menu_order":0,"comment_status":"closed","ping_status":"closed","template":"","meta":{"_monsterinsights_skip_tracking":false,"_monsterinsights_sitenote_active":false,"_monsterinsights_sitenote_note":"","_monsterinsights_sitenote_category":0,"footnotes":""},"class_list":["post-13998","page","type-page","status-publish","hentry"],"yoast_head":"<!-- This site is optimized with the Yoast SEO plugin v27.5 - https:\/\/yoast.com\/product\/yoast-seo-wordpress\/ -->\n<title>Preguntas Frecuentes - Flex Appeal<\/title>\n<meta name=\"description\" content=\"Gyms Near Me, San Ysidro Gym, Gyms near 92173, Gyms near 92154, Gyms Near 91910, San Diego Gyms, Crossfit, HIIT Training, Gyms near 91950, San Diego&#039;s Best Gyms, Lose Weight, Open Gyms, Group Training, Personal Training, Kettlebells, TRX, Olympic Weights\" \/>\n<meta name=\"robots\" content=\"index, follow, max-snippet:-1, max-image-preview:large, max-video-preview:-1\" \/>\n<link rel=\"canonical\" href=\"https:\/\/flexappealsd.com\/es\/preguntas-frecuentes\/\" \/>\n<meta property=\"og:locale\" content=\"es_ES\" \/>\n<meta property=\"og:type\" content=\"article\" \/>\n<meta property=\"og:title\" content=\"Preguntas Frecuentes - Flex Appeal\" \/>\n<meta property=\"og:description\" content=\"Gyms Near Me, San Ysidro Gym, Gyms near 92173, Gyms near 92154, Gyms Near 91910, San Diego Gyms, Crossfit, HIIT Training, Gyms near 91950, San Diego&#039;s Best Gyms, Lose Weight, Open Gyms, Group Training, Personal Training, Kettlebells, TRX, Olympic Weights\" \/>\n<meta property=\"og:url\" content=\"https:\/\/flexappealsd.com\/es\/preguntas-frecuentes\/\" \/>\n<meta property=\"og:site_name\" content=\"Flex Appeal\" \/>\n<meta property=\"article:publisher\" content=\"https:\/\/www.facebook.com\/flexappealhq\/\" \/>\n<meta property=\"article:modified_time\" content=\"2022-11-22T22:20:54+00:00\" \/>\n<meta property=\"og:image\" content=\"https:\/\/flexappealsd.com\/wp-content\/uploads\/2020\/12\/3d-logo-mockup-2-png.png\" \/>\n\t<meta property=\"og:image:width\" content=\"1036\" \/>\n\t<meta property=\"og:image:height\" content=\"628\" \/>\n\t<meta property=\"og:image:type\" content=\"image\/png\" \/>\n<meta name=\"twitter:card\" content=\"summary_large_image\" \/>\n<meta name=\"twitter:label1\" content=\"Tiempo de lectura\" \/>\n\t<meta name=\"twitter:data1\" content=\"2 minutos\" \/>\n<script type=\"application\/ld+json\" class=\"yoast-schema-graph\">{\"@context\":\"https:\\\/\\\/schema.org\",\"@graph\":[{\"@type\":\"WebPage\",\"@id\":\"https:\\\/\\\/flexappealsd.com\\\/es\\\/preguntas-frecuentes\\\/\",\"url\":\"https:\\\/\\\/flexappealsd.com\\\/es\\\/preguntas-frecuentes\\\/\",\"name\":\"Preguntas Frecuentes - Flex Appeal\",\"isPartOf\":{\"@id\":\"https:\\\/\\\/flexappealsd.com\\\/es\\\/#website\"},\"datePublished\":\"2022-11-22T22:20:53+00:00\",\"dateModified\":\"2022-11-22T22:20:54+00:00\",\"description\":\"Gyms Near Me, San Ysidro Gym, Gyms near 92173, Gyms near 92154, Gyms Near 91910, San Diego Gyms, Crossfit, HIIT Training, Gyms near 91950, San Diego's Best Gyms, Lose Weight, Open Gyms, Group Training, Personal Training, Kettlebells, TRX, Olympic Weights\",\"breadcrumb\":{\"@id\":\"https:\\\/\\\/flexappealsd.com\\\/es\\\/preguntas-frecuentes\\\/#breadcrumb\"},\"inLanguage\":\"es\",\"potentialAction\":[{\"@type\":\"ReadAction\",\"target\":[\"https:\\\/\\\/flexappealsd.com\\\/es\\\/preguntas-frecuentes\\\/\"]}]},{\"@type\":\"BreadcrumbList\",\"@id\":\"https:\\\/\\\/flexappealsd.com\\\/es\\\/preguntas-frecuentes\\\/#breadcrumb\",\"itemListElement\":[{\"@type\":\"ListItem\",\"position\":1,\"name\":\"Home\",\"item\":\"https:\\\/\\\/flexappealsd.com\\\/es\\\/\"},{\"@type\":\"ListItem\",\"position\":2,\"name\":\"Preguntas Frecuentes\"}]},{\"@type\":\"WebSite\",\"@id\":\"https:\\\/\\\/flexappealsd.com\\\/es\\\/#website\",\"url\":\"https:\\\/\\\/flexappealsd.com\\\/es\\\/\",\"name\":\"Flex Appeal\",\"description\":\"Extreme Training\",\"publisher\":{\"@id\":\"https:\\\/\\\/flexappealsd.com\\\/es\\\/#organization\"},\"potentialAction\":[{\"@type\":\"SearchAction\",\"target\":{\"@type\":\"EntryPoint\",\"urlTemplate\":\"https:\\\/\\\/flexappealsd.com\\\/es\\\/?s={search_term_string}\"},\"query-input\":{\"@type\":\"PropertyValueSpecification\",\"valueRequired\":true,\"valueName\":\"search_term_string\"}}],\"inLanguage\":\"es\"},{\"@type\":\"Organization\",\"@id\":\"https:\\\/\\\/flexappealsd.com\\\/es\\\/#organization\",\"name\":\"Flex Appeal Fitness Center\",\"url\":\"https:\\\/\\\/flexappealsd.com\\\/es\\\/\",\"logo\":{\"@type\":\"ImageObject\",\"inLanguage\":\"es\",\"@id\":\"https:\\\/\\\/flexappealsd.com\\\/es\\\/#\\\/schema\\\/logo\\\/image\\\/\",\"url\":\"http:\\\/\\\/flexappealsd.com\\\/wp-content\\\/uploads\\\/2020\\\/12\\\/3d-logo-Flex-Appeal.png\",\"contentUrl\":\"http:\\\/\\\/flexappealsd.com\\\/wp-content\\\/uploads\\\/2020\\\/12\\\/3d-logo-Flex-Appeal.png\",\"width\":1036,\"height\":628,\"caption\":\"Flex Appeal Fitness Center\"},\"image\":{\"@id\":\"https:\\\/\\\/flexappealsd.com\\\/es\\\/#\\\/schema\\\/logo\\\/image\\\/\"},\"sameAs\":[\"https:\\\/\\\/www.facebook.com\\\/flexappealhq\\\/\",\"https:\\\/\\\/www.instagram.com\\\/flexappealgrouptraining\\\/\",\"https:\\\/\\\/www.youtube.com\\\/channel\\\/UCIT0TZ_5Gkb8zjApVmCRxPQ\"]}]}<\/script>\n<!-- \/ Yoast SEO plugin. -->","yoast_head_json":{"title":"Preguntas Frecuentes - Flex Appeal","description":"Gyms Near Me, San Ysidro Gym, Gyms near 92173, Gyms near 92154, Gyms Near 91910, San Diego Gyms, Crossfit, HIIT Training, Gyms near 91950, San Diego's Best Gyms, Lose Weight, Open Gyms, Group Training, Personal Training, Kettlebells, TRX, Olympic Weights","robots":{"index":"index","follow":"follow","max-snippet":"max-snippet:-1","max-image-preview":"max-image-preview:large","max-video-preview":"max-video-preview:-1"},"canonical":"https:\/\/flexappealsd.com\/es\/preguntas-frecuentes\/","og_locale":"es_ES","og_type":"article","og_title":"Preguntas Frecuentes - Flex Appeal","og_description":"Gyms Near Me, San Ysidro Gym, Gyms near 92173, Gyms near 92154, Gyms Near 91910, San Diego Gyms, Crossfit, HIIT Training, Gyms near 91950, San Diego's Best Gyms, Lose Weight, Open Gyms, Group Training, Personal Training, Kettlebells, TRX, Olympic Weights","og_url":"https:\/\/flexappealsd.com\/es\/preguntas-frecuentes\/","og_site_name":"Flex Appeal","article_publisher":"https:\/\/www.facebook.com\/flexappealhq\/","article_modified_time":"2022-11-22T22:20:54+00:00","og_image":[{"width":1036,"height":628,"url":"https:\/\/flexappealsd.com\/wp-content\/uploads\/2020\/12\/3d-logo-mockup-2-png.png","type":"image\/png"}],"twitter_card":"summary_large_image","twitter_misc":{"Tiempo de lectura":"2 minutos"},"schema":{"@context":"https:\/\/schema.org","@graph":[{"@type":"WebPage","@id":"https:\/\/flexappealsd.com\/es\/preguntas-frecuentes\/","url":"https:\/\/flexappealsd.com\/es\/preguntas-frecuentes\/","name":"Preguntas Frecuentes - Flex Appeal","isPartOf":{"@id":"https:\/\/flexappealsd.com\/es\/#website"},"datePublished":"2022-11-22T22:20:53+00:00","dateModified":"2022-11-22T22:20:54+00:00","description":"Gyms Near Me, San Ysidro Gym, Gyms near 92173, Gyms near 92154, Gyms Near 91910, San Diego Gyms, Crossfit, HIIT Training, Gyms near 91950, San Diego's Best Gyms, Lose Weight, Open Gyms, Group Training, Personal Training, Kettlebells, TRX, Olympic Weights","breadcrumb":{"@id":"https:\/\/flexappealsd.com\/es\/preguntas-frecuentes\/#breadcrumb"},"inLanguage":"es","potentialAction":[{"@type":"ReadAction","target":["https:\/\/flexappealsd.com\/es\/preguntas-frecuentes\/"]}]},{"@type":"BreadcrumbList","@id":"https:\/\/flexappealsd.com\/es\/preguntas-frecuentes\/#breadcrumb","itemListElement":[{"@type":"ListItem","position":1,"name":"Home","item":"https:\/\/flexappealsd.com\/es\/"},{"@type":"ListItem","position":2,"name":"Preguntas Frecuentes"}]},{"@type":"WebSite","@id":"https:\/\/flexappealsd.com\/es\/#website","url":"https:\/\/flexappealsd.com\/es\/","name":"Flex Appeal","description":"Extreme Training","publisher":{"@id":"https:\/\/flexappealsd.com\/es\/#organization"},"potentialAction":[{"@type":"SearchAction","target":{"@type":"EntryPoint","urlTemplate":"https:\/\/flexappealsd.com\/es\/?s={search_term_string}"},"query-input":{"@type":"PropertyValueSpecification","valueRequired":true,"valueName":"search_term_string"}}],"inLanguage":"es"},{"@type":"Organization","@id":"https:\/\/flexappealsd.com\/es\/#organization","name":"Flex Appeal Fitness Center","url":"https:\/\/flexappealsd.com\/es\/","logo":{"@type":"ImageObject","inLanguage":"es","@id":"https:\/\/flexappealsd.com\/es\/#\/schema\/logo\/image\/","url":"https:\/\/flexappealsd.com\/wp-content\/uploads\/2020\/12\/3d-logo-Flex-Appeal.png","contentUrl":"https:\/\/flexappealsd.com\/wp-content\/uploads\/2020\/12\/3d-logo-Flex-Appeal.png","width":1036,"height":628,"caption":"Flex Appeal Fitness Center"},"image":{"@id":"https:\/\/flexappealsd.com\/es\/#\/schema\/logo\/image\/"},"sameAs":["https:\/\/www.facebook.com\/flexappealhq\/","https:\/\/www.instagram.com\/flexappealgrouptraining\/","https:\/\/www.youtube.com\/channel\/UCIT0TZ_5Gkb8zjApVmCRxPQ"]}]}},"_links":{"self":[{"href":"https:\/\/flexappealsd.com\/es\/wp-json\/wp\/v2\/pages\/13998","targetHints":{"allow":["GET"]}}],"collection":[{"href":"https:\/\/flexappealsd.com\/es\/wp-json\/wp\/v2\/pages"}],"about":[{"href":"https:\/\/flexappealsd.com\/es\/wp-json\/wp\/v2\/types\/page"}],"author":[{"embeddable":true,"href":"https:\/\/flexappealsd.com\/es\/wp-json\/wp\/v2\/users\/1"}],"replies":[{"embeddable":true,"href":"https:\/\/flexappealsd.com\/es\/wp-json\/wp\/v2\/comments?post=13998"}],"version-history":[{"count":1,"href":"https:\/\/flexappealsd.com\/es\/wp-json\/wp\/v2\/pages\/13998\/revisions"}],"predecessor-version":[{"id":13999,"href":"https:\/\/flexappealsd.com\/es\/wp-json\/wp\/v2\/pages\/13998\/revisions\/13999"}],"wp:attachment":[{"href":"https:\/\/flexappealsd.com\/es\/wp-json\/wp\/v2\/media?parent=13998"}],"curies":[{"name":"wp","href":"https:\/\/api.w.org\/{rel}","templated":true}]}}